{"id":156,"date":"2022-03-28T22:28:09","date_gmt":"2022-03-28T20:28:09","guid":{"rendered":"https:\/\/nineja.fr\/?page_id=156"},"modified":"2022-03-29T13:10:21","modified_gmt":"2022-03-29T11:10:21","slug":"portfolio","status":"publish","type":"page","link":"https:\/\/nineja.fr\/index.php\/portfolio\/","title":{"rendered":"nineJa"},"content":{"rendered":"\n<p>Margaux Paulette Janine, \u00e7a faisait un peu long&#8230; j&rsquo;ai donc opt\u00e9 pour nineJa. <\/p>\n\n\n\n<p>Architecte d&rsquo;int\u00e9rieur depuis plus de 10 ans, ma vie prend un tournant gr\u00e2ce \u00e0 la pratique de la c\u00e9ramique. Form\u00e9e depuis plusieurs ann\u00e9es dans diff\u00e9rents ateliers, j&rsquo;ai eu la chance de rencontrer des personnes passionn\u00e9es qui m&rsquo;ont transmis un peu de leur savoir-faire. <\/p>\n\n\n\n<p><strong>A t\u00e2tons<\/strong><\/p>\n\n\n\n<p>Le travail de la terre nous apprend un nouveau rapport \u00e0 l&rsquo;objet. La patience, prendre le temps, les contraintes de la mati\u00e8re. <\/p>\n\n\n\n<blockquote class=\"wp-block-quote has-text-align-center is-style-default is-layout-flow wp-block-quote-is-layout-flow\" style=\"font-size:25px;text-transform:capitalize\"><p>En vrai. Tu peux pas tout contr\u00f4ler, faut qu&rsquo;tu l&rsquo;acceptes.<\/p><cite>Orelsan<\/cite><\/blockquote>\n","protected":false},"excerpt":{"rendered":"<p>Margaux Paulette Janine, \u00e7a faisait un peu long&#8230; j&rsquo;ai donc opt\u00e9 pour nineJa. Architecte d&rsquo;int\u00e9rieur depuis plus de 10 ans, ma vie prend un tournant gr\u00e2ce \u00e0 la pratique de la c\u00e9ramique. Form\u00e9e depuis plusieurs ann\u00e9es dans diff\u00e9rents ateliers, j&rsquo;ai eu la chance de rencontrer des personnes passionn\u00e9es qui m&rsquo;ont transmis un peu de leur &hellip; <\/p>\n<p class=\"link-more\"><a href=\"https:\/\/nineja.fr\/index.php\/portfolio\/\" class=\"more-link\">Lire la suite de<span class=\"screen-reader-text\">\u00ab\u00a0nineJa\u00a0\u00bb<\/span><\/a><\/p>\n","protected":false},"author":1,"featured_media":0,"parent":0,"menu_order":0,"comment_status":"closed","ping_status":"closed","template":"","meta":{"ngg_post_thumbnail":0,"footnotes":""},"class_list":["post-156","page","type-page","status-publish","hentry"],"featured_media_urls":[],"_links":{"self":[{"href":"https:\/\/nineja.fr\/index.php\/wp-json\/wp\/v2\/pages\/156","targetHints":{"allow":["GET"]}}],"collection":[{"href":"https:\/\/nineja.fr\/index.php\/wp-json\/wp\/v2\/pages"}],"about":[{"href":"https:\/\/nineja.fr\/index.php\/wp-json\/wp\/v2\/types\/page"}],"author":[{"embeddable":true,"href":"https:\/\/nineja.fr\/index.php\/wp-json\/wp\/v2\/users\/1"}],"replies":[{"embeddable":true,"href":"https:\/\/nineja.fr\/index.php\/wp-json\/wp\/v2\/comments?post=156"}],"version-history":[{"count":5,"href":"https:\/\/nineja.fr\/index.php\/wp-json\/wp\/v2\/pages\/156\/revisions"}],"predecessor-version":[{"id":193,"href":"https:\/\/nineja.fr\/index.php\/wp-json\/wp\/v2\/pages\/156\/revisions\/193"}],"wp:attachment":[{"href":"https:\/\/nineja.fr\/index.php\/wp-json\/wp\/v2\/media?parent=156"}],"curies":[{"name":"wp","href":"https:\/\/api.w.org\/{rel}","templated":true}]}}