{"id":101,"date":"2022-03-28T18:09:28","date_gmt":"2022-03-28T16:09:28","guid":{"rendered":"https:\/\/nineja.fr\/?page_id=101"},"modified":"2025-09-04T21:58:03","modified_gmt":"2025-09-04T19:58:03","slug":"cours-stages","status":"publish","type":"page","link":"https:\/\/nineja.fr\/index.php\/cours-stages\/","title":{"rendered":"Cours &#038; stages"},"content":{"rendered":"\n<h2 class=\"wp-block-heading\" style=\"font-size:14px\">Pour recevoir les dates des prochains ateliers &amp; stages, inscrivez-vous \u00e0 la newsletter en renseignant votre adresse mail ci-dessous<\/h2>\n\n\n\n<div class=\"wp-block-contact-form-7-contact-form-selector\">\n<div class=\"wpcf7 no-js\" id=\"wpcf7-f989-o1\" lang=\"fr-FR\" dir=\"ltr\" data-wpcf7-id=\"989\">\n<div class=\"screen-reader-response\"><p role=\"status\" aria-live=\"polite\" aria-atomic=\"true\"><\/p> <ul><\/ul><\/div>\n<form action=\"\/index.php\/wp-json\/wp\/v2\/pages\/101#wpcf7-f989-o1\" method=\"post\" class=\"wpcf7-form init\" aria-label=\"Formulaire de contact\" novalidate=\"novalidate\" data-status=\"init\">\n<fieldset class=\"hidden-fields-container\"><input type=\"hidden\" name=\"_wpcf7\" value=\"989\" \/><input type=\"hidden\" name=\"_wpcf7_version\" value=\"6.1.5\" \/><input type=\"hidden\" name=\"_wpcf7_locale\" value=\"fr_FR\" \/><input type=\"hidden\" name=\"_wpcf7_unit_tag\" value=\"wpcf7-f989-o1\" \/><input type=\"hidden\" name=\"_wpcf7_container_post\" value=\"0\" \/><input type=\"hidden\" name=\"_wpcf7_posted_data_hash\" value=\"\" \/>\n<\/fieldset>\n<p><label> Votre nom<br \/>\n<span class=\"wpcf7-form-control-wrap\" data-name=\"your-name\"><input size=\"40\" maxlength=\"400\" class=\"wpcf7-form-control wpcf7-text wpcf7-validates-as-required\" aria-required=\"true\" aria-invalid=\"false\" value=\"\" type=\"text\" name=\"your-name\" \/><\/span> <\/label>\n<\/p>\n<p><label> Votre e-mail<br \/>\n<span class=\"wpcf7-form-control-wrap\" data-name=\"your-email\"><input size=\"40\" maxlength=\"400\" class=\"wpcf7-form-control wpcf7-email wpcf7-validates-as-required wpcf7-text wpcf7-validates-as-email\" aria-required=\"true\" aria-invalid=\"false\" value=\"\" type=\"email\" name=\"your-email\" \/><\/span> <\/label>\n<\/p>\n<p><input class=\"wpcf7-form-control wpcf7-submit has-spinner\" type=\"submit\" value=\"Vous inscrire\" \/>\n<\/p><p style=\"display: none !important;\" class=\"akismet-fields-container\" data-prefix=\"_wpcf7_ak_\"><label>&#916;<textarea name=\"_wpcf7_ak_hp_textarea\" cols=\"45\" rows=\"8\" maxlength=\"100\"><\/textarea><\/label><input type=\"hidden\" id=\"ak_js_1\" name=\"_wpcf7_ak_js\" value=\"122\"\/><script>document.getElementById( \"ak_js_1\" ).setAttribute( \"value\", ( new Date() ).getTime() );<\/script><\/p><div class=\"wpcf7-response-output\" aria-hidden=\"true\"><\/div>\n<\/form>\n<\/div>\n<\/div>\n\n\n\n<figure class=\"wp-block-gallery has-nested-images columns-default is-cropped wp-block-gallery-1 is-layout-flex wp-block-gallery-is-layout-flex\"><\/figure>\n\n\n\n<p>Pour toute inscription ou demande d&rsquo;info, vous pouvez me contacter par mail \u00e0 margaux@nineja.fr ou par t\u00e9l\u00e9phone au 06 95 89 84 81.<br><br><strong><mark style=\"background-color:#000000\" class=\"has-inline-color has-white-color\">Atelier hebdo- Adultes<\/mark><\/strong> (sans engagement \u00e0 l&rsquo;ann\u00e9e)<br>&#8211; Les lundis de 17h30 \u00e0 19h00<br>&#8211; Les mardis de 18h00 \u00e0 19h30<br>&#8211; Les vendredis de 10h00 \u00e0 11h30<\/p>\n\n\n\n<p>Venez d\u00e9couvrir les techniques de fa\u00e7onnage et de d\u00e9cor \u00e0 la main pour cr\u00e9er vos pi\u00e8ces c\u00e9ramiques. Projets libres<br>Carte de 10 s\u00e9ances 240\u20ac, 4 s\u00e9ances 100\u20ac, s\u00e9ance unique 30\u20ac<br><br><br><br><mark style=\"background-color:#000000\" class=\"has-inline-color has-white-color\"><strong>Les ateliers du mercredi <\/strong>(de 10h00 \u00e0 11h30) <\/mark><br><br>&#8211; Mercredi 18 septembre : <strong>Atelier poterie parent\/enfant (d\u00e8s 5 ans)<\/strong>. <br>Venez partager un moment en famille, les mains dans l&rsquo;argile. <br>50\u20ac par duo<br><br>&#8211; Mercredi 25 septembre :<strong>Cr\u00e9e ton photophore enfant (d\u00e8s 7 ans)<\/strong><br>D\u00e9couvre la technique de la plaque pour fabriquer un photophore unique. <br>25\u20ac par enfant<br><br>&#8211; Mercredi 16 octobre: <strong>Atelier adulte Sgraffito<\/strong><br>R\u00e9alise une tasse ou un bol et r\u00e9alise un d\u00e9cor grav\u00e9. <br>30\u20ac par adulte<br><br>&#8211; Mercredi 23 octobre: <strong>Atelier poterie parent\/enfant (d\u00e8s 5 ans)<\/strong>. <br>Venez partager un moment en famille, les mains dans l&rsquo;argile.<br>50\u20ac par duo<br><br><br>Terre, outils, cuisson et \u00e9maillage compris<br>Les pi\u00e8ces seront \u00e0 r\u00e9cup\u00e9rer sous environ 5 semaines<\/p>\n\n\n\n<figure class=\"wp-block-image aligncenter size-large\"><img fetchpriority=\"high\" decoding=\"async\" width=\"1024\" height=\"724\" src=\"https:\/\/nineja.fr\/wp-content\/uploads\/2024\/09\/Flyer-general-WEB_page-0001-1024x724.jpg\" alt=\"\" class=\"wp-image-1133\" srcset=\"https:\/\/nineja.fr\/wp-content\/uploads\/2024\/09\/Flyer-general-WEB_page-0001-1024x724.jpg 1024w, https:\/\/nineja.fr\/wp-content\/uploads\/2024\/09\/Flyer-general-WEB_page-0001-300x212.jpg 300w, https:\/\/nineja.fr\/wp-content\/uploads\/2024\/09\/Flyer-general-WEB_page-0001-768x543.jpg 768w, https:\/\/nineja.fr\/wp-content\/uploads\/2024\/09\/Flyer-general-WEB_page-0001-1536x1085.jpg 1536w, https:\/\/nineja.fr\/wp-content\/uploads\/2024\/09\/Flyer-general-WEB_page-0001-600x424.jpg 600w, https:\/\/nineja.fr\/wp-content\/uploads\/2024\/09\/Flyer-general-WEB_page-0001-1200x848.jpg 1200w, https:\/\/nineja.fr\/wp-content\/uploads\/2024\/09\/Flyer-general-WEB_page-0001.jpg 1755w\" sizes=\"(max-width: 1024px) 100vw, 1024px\" \/><\/figure>\n\n\n\n<p style=\"font-size:14px\">Chez Nineja C\u00e9ramique, on plonge les mains dans la terre et on vient r\u00e9veiller nos sens. Dans un atelier convivial, situ\u00e9 \u00e0 <strong>Brain sur Vilaine<\/strong> (35), venez laisser parler votre cr\u00e9ativit\u00e9.<\/p>\n\n\n\n<p style=\"font-size:14px\"><strong>En atelier ponctuel ou lors des cours hebdomadaires<\/strong>, venez d\u00e9couvrir l&rsquo;argile et lib\u00e9rer votre cr\u00e9ativit\u00e9. L&rsquo;atelier se situe en Pays de Redon, en bord de Vilaine.<\/p>\n\n\n\n<p style=\"font-size:14px\"><strong>Atelier nineJa C\u00e9ramique<\/strong><br>4, place de l&rsquo;Abbaye<br>35660 La Chapelle-de-Brain<\/p>\n\n\n\n<p style=\"font-size:14px\">Pour tout renseignement ou pour s&rsquo;inscrire: <br><strong>06 95 89 84 81<\/strong><br>Suivez le programme des ateliers sur mes pages <a href=\"https:\/\/www.facebook.com\/nineja.ceramique\">Facebook <\/a> ou <a href=\"https:\/\/www.instagram.com\/nineja.ceramique\/\">Instagram<\/a><\/p>\n\n\n\nngg_shortcode_0_placeholder\n\n\n\n<p style=\"font-size:14px\"><strong>Chaque atelier est effectu\u00e9 en petit groupe de 8 personnes maximum.<\/strong> L&rsquo;\u00e9maillage et la cuisson des pi\u00e8ces est comprise dans le tarif. Vous pourrez r\u00e9cup\u00e9rer vos pi\u00e8ces sous 5 \u00e0 6 semaines \u00e0 l&rsquo;atelier. <br><\/p>\n\n\n\n<p style=\"font-size:14px\">Conseils de potier: pr\u00e9voir une tenue confortable et des ongles courts.<\/p>\n\n\n\n<h2 class=\"wp-block-heading has-medium-font-size\"><strong>LES COURS A L\u2019ANN\u00c9E<\/strong><\/h2>\n\n\n\n<div class=\"wp-block-media-text is-stacked-on-mobile\" style=\"grid-template-columns:34% auto\"><figure class=\"wp-block-media-text__media\"><img decoding=\"async\" width=\"683\" height=\"1024\" src=\"https:\/\/nineja.fr\/wp-content\/uploads\/2023\/12\/IMG_1415-683x1024.jpg\" alt=\"\" class=\"wp-image-907 size-full\" srcset=\"https:\/\/nineja.fr\/wp-content\/uploads\/2023\/12\/IMG_1415-683x1024.jpg 683w, https:\/\/nineja.fr\/wp-content\/uploads\/2023\/12\/IMG_1415-200x300.jpg 200w, https:\/\/nineja.fr\/wp-content\/uploads\/2023\/12\/IMG_1415-768x1152.jpg 768w, https:\/\/nineja.fr\/wp-content\/uploads\/2023\/12\/IMG_1415-1024x1536.jpg 1024w, https:\/\/nineja.fr\/wp-content\/uploads\/2023\/12\/IMG_1415-1365x2048.jpg 1365w, https:\/\/nineja.fr\/wp-content\/uploads\/2023\/12\/IMG_1415-2000x3000.jpg 2000w, https:\/\/nineja.fr\/wp-content\/uploads\/2023\/12\/IMG_1415-scaled.jpg 1707w\" sizes=\"(max-width: 683px) 100vw, 683px\" \/><\/figure><div class=\"wp-block-media-text__content\">\n<p style=\"font-size:14px\"><strong>Lundi de 17h30 \u00e0 19h00<\/strong><br><strong>Mardi de 18h00 \u00e0 19h30<br>Vendredi de 10h00 \u00e0 11h30<\/strong><\/p>\n<\/div><\/div>\n\n\n\n<details class=\"wp-block-details is-layout-flow wp-block-details-is-layout-flow\"><summary>En savoir plus&#8230;<\/summary>\n<p style=\"font-size:14px\">Lors des <strong>cours \u00e0 l&rsquo;ann\u00e9e<\/strong>, vous pourrez suivre un cursus complet sur l&rsquo;apprentissage de la c\u00e9ramique et de la poterie. Les cr\u00e9neaux sont r\u00e9serv\u00e9s aux adultes. On \u00e9tudiera ensemble vos projets et mettront en \u0153uvre les techniques adapt\u00e9es. Le modelage, le travail \u00e0 la plaque, colombin, bol pinc\u00e9&#8230; ainsi que les diff\u00e9rents moyens de d\u00e9cors seront abord\u00e9es. Vous aurez ainsi les cl\u00e9s pour concevoir et r\u00e9aliser vos objets c\u00e9ramiques.<\/p>\n\n\n\n<p style=\"font-size:14px\"><strong>S\u00e9ance unique \u00e0 30\u20ac. Carte de 4 s\u00e9ances \u00e0 100\u20ac. Carte de 10 s\u00e9ances \u00e0 240\u20ac<\/strong><\/p>\n<\/details>\n\n\n\n<h2 class=\"wp-block-heading has-medium-font-size\">ATELIERS ENFANTS\/ ADOS<\/h2>\n\n\n\n<div class=\"wp-block-media-text is-stacked-on-mobile\"><figure class=\"wp-block-media-text__media\"><img decoding=\"async\" width=\"1024\" height=\"683\" src=\"https:\/\/nineja.fr\/wp-content\/uploads\/2023\/12\/IMG_1410-1024x683.jpg\" alt=\"\" class=\"wp-image-911 size-full\" srcset=\"https:\/\/nineja.fr\/wp-content\/uploads\/2023\/12\/IMG_1410-1024x683.jpg 1024w, https:\/\/nineja.fr\/wp-content\/uploads\/2023\/12\/IMG_1410-300x200.jpg 300w, https:\/\/nineja.fr\/wp-content\/uploads\/2023\/12\/IMG_1410-768x512.jpg 768w, https:\/\/nineja.fr\/wp-content\/uploads\/2023\/12\/IMG_1410-1536x1024.jpg 1536w, https:\/\/nineja.fr\/wp-content\/uploads\/2023\/12\/IMG_1410-2048x1365.jpg 2048w, https:\/\/nineja.fr\/wp-content\/uploads\/2023\/12\/IMG_1410-2000x1333.jpg 2000w\" sizes=\"(max-width: 1024px) 100vw, 1024px\" \/><\/figure><div class=\"wp-block-media-text__content\">\n<p style=\"font-size:14px\">Des <strong>ateliers ludiques d&rsquo; 1h30<\/strong> autour d&rsquo;un th\u00e8me. Consultez l&rsquo;actualit\u00e9 sur ma page <a href=\"https:\/\/www.facebook.com\/nineja.ceramique\">Facebook <\/a>ou <a href=\"https:\/\/www.instagram.com\/nineja.ceramique\/\">Instagram <\/a>pour conna\u00eetre les dates des prochains ateliers.<\/p>\n<\/div><\/div>\n\n\n\n<details class=\"wp-block-details is-layout-flow wp-block-details-is-layout-flow\"><summary>En savoir plus &#8230;<\/summary>\n<p style=\"font-size:14px\">Lors des <strong>ateliers pour enfants<\/strong>, un th\u00e8me est propos\u00e9 afin de guider les enfants \u00e0 r\u00e9aliser un projet c\u00e9ramique unique. Les enfants d\u00e9couvriront des techniques diff\u00e9rentes \u00e0 chaque s\u00e9ance, selon l&rsquo;objet \u00e0 r\u00e9aliser et le choix du d\u00e9cor. Je saurai \u00e9galement m&rsquo;adapter \u00e0 l&rsquo;\u00e2ge de l&rsquo;enfant pour lui proposer une technique appropri\u00e9e.<\/p>\n\n\n\n<p style=\"font-size:14px\">Vous pourrez vous glisser dans la peau d&rsquo;un potier le temps d&rsquo;un atelier, ou bien vous essayer \u00e0 la sculpture de l&rsquo;argile. La c\u00e9ramique fait appel \u00e0 tous nos sens et participe \u00e0 d\u00e9velopper la motricit\u00e9 et la concentration. <\/p>\n<\/details>\n\n\n\n<h2 class=\"wp-block-heading has-medium-font-size\">ATELIERS SUR MESURE<\/h2>\n\n\n\n<p style=\"font-size:14px\">N&rsquo;h\u00e9sitez pas \u00e0 me communiquer vos envies de stage ou <strong>atelier sur mesure<\/strong>. En solo ou en groupe, vous souhaitez profiter d&rsquo;un moment cr\u00e9atif et convivial. Vous r\u00eavez de cr\u00e9er votre propre vaisselle, un vase ou des objets d\u00e9coratifs uniques, je met en place un atelier poterie\/ c\u00e9ramique d\u00e9di\u00e9 \u00e0 vos envies.<\/p>\n\n\n\n<p style=\"font-size:14px\">Lors de f\u00eates d&rsquo;anniversaire, EVJF, \u00e9v\u00e9nement d&rsquo;entreprises, etc&#8230; je me d\u00e9place sur tout le pays de Redon pour vous proposer un atelier poterie\/ c\u00e9ramique sur mesure et original. Des jeux et d\u00e9fis cr\u00e9atifs, un atelier sur un th\u00e8me particulier ou un simple moment de d\u00e9tente, retrouvez vous autour de la terre.<\/p>\n\n\n\n<p style=\"font-size:14px\">Pour la liste compl\u00e8te des activit\u00e9s possibles, <a href=\"https:\/\/nineja.fr\/index.php\/contact\/\" data-type=\"URL\" data-id=\"https:\/\/nineja.fr\/index.php\/contact\/\">contactez moi<\/a>.<\/p>\n","protected":false},"excerpt":{"rendered":"<p>Pour recevoir les dates des prochains ateliers &amp; stages, inscrivez-vous \u00e0 la newsletter en renseignant votre adresse mail ci-dessous Pour toute inscription ou demande d&rsquo;info, vous pouvez me contacter par mail \u00e0 margaux@nineja.fr ou par t\u00e9l\u00e9phone au 06 95 89 84 81. Atelier hebdo- Adultes (sans engagement \u00e0 l&rsquo;ann\u00e9e)&#8211; Les lundis de 17h30 \u00e0 19h00&#8211; &hellip; <\/p>\n<p class=\"link-more\"><a href=\"https:\/\/nineja.fr\/index.php\/cours-stages\/\" class=\"more-link\">Lire la suite de<span class=\"screen-reader-text\">\u00ab\u00a0Cours &#038; stages\u00a0\u00bb<\/span><\/a><\/p>\n","protected":false},"author":1,"featured_media":0,"parent":0,"menu_order":0,"comment_status":"closed","ping_status":"closed","template":"","meta":{"ngg_post_thumbnail":0,"footnotes":""},"class_list":["post-101","page","type-page","status-publish","hentry"],"featured_media_urls":[],"_links":{"self":[{"href":"https:\/\/nineja.fr\/index.php\/wp-json\/wp\/v2\/pages\/101","targetHints":{"allow":["GET"]}}],"collection":[{"href":"https:\/\/nineja.fr\/index.php\/wp-json\/wp\/v2\/pages"}],"about":[{"href":"https:\/\/nineja.fr\/index.php\/wp-json\/wp\/v2\/types\/page"}],"author":[{"embeddable":true,"href":"https:\/\/nineja.fr\/index.php\/wp-json\/wp\/v2\/users\/1"}],"replies":[{"embeddable":true,"href":"https:\/\/nineja.fr\/index.php\/wp-json\/wp\/v2\/comments?post=101"}],"version-history":[{"count":69,"href":"https:\/\/nineja.fr\/index.php\/wp-json\/wp\/v2\/pages\/101\/revisions"}],"predecessor-version":[{"id":1309,"href":"https:\/\/nineja.fr\/index.php\/wp-json\/wp\/v2\/pages\/101\/revisions\/1309"}],"wp:attachment":[{"href":"https:\/\/nineja.fr\/index.php\/wp-json\/wp\/v2\/media?parent=101"}],"curies":[{"name":"wp","href":"https:\/\/api.w.org\/{rel}","templated":true}]}}